{"id":80,"date":"2014-03-28T09:45:06","date_gmt":"2014-03-28T08:45:06","guid":{"rendered":"http:\/\/loszughana.se\/?page_id=80"},"modified":"2018-06-12T15:41:03","modified_gmt":"2018-06-12T13:41:03","slug":"bilder","status":"publish","type":"page","link":"http:\/\/loszughana.se\/en\/bilder\/","title":{"rendered":"Volunteer"},"content":{"rendered":"<p><!-- meta slider -->\n<div style=\"max-width: 960px;\" class=\"metaslider metaslider-flex metaslider-468 ml-slider\">\n    \n    <div id=\"metaslider_container_468\">\n        <div id=\"metaslider_468\">\n            <ul class=\"slides\">\n                <li style=\"display: block; width: 100%;\" class=\"slide-1014 ms-image\"><img src=\"http:\/\/loszughana.se\/wp-content\/uploads\/2015\/10\/annonsbild-960x458.jpg\" height=\"458\" width=\"960\" alt=\"\" class=\"slider-468 slide-1014\" \/><\/li>\n                <li style=\"display: none; width: 100%;\" class=\"slide-478 ms-image\"><img src=\"http:\/\/loszughana.se\/wp-content\/uploads\/2014\/12\/2014-03-07-11.18.28-960x458.jpg\" height=\"458\" width=\"960\" alt=\"\" class=\"slider-468 slide-478\" \/><\/li>\n                <li style=\"display: none; width: 100%;\" class=\"slide-472 ms-image\"><img src=\"http:\/\/loszughana.se\/wp-content\/uploads\/2014\/12\/1115916_347470618755031_8387909580925352260_o-960x458.jpg\" height=\"458\" width=\"960\" alt=\"\" class=\"slider-468 slide-472\" \/><\/li>\n                <li style=\"display: none; width: 100%;\" class=\"slide-471 ms-image\"><img src=\"http:\/\/loszughana.se\/wp-content\/uploads\/2014\/12\/293992_516771541677731_1644488525_n-960x458.jpg\" height=\"458\" width=\"960\" alt=\"\" class=\"slider-468 slide-471\" \/><\/li>\n                <li style=\"display: none; width: 100%;\" class=\"slide-479 ms-image\"><img src=\"http:\/\/loszughana.se\/wp-content\/uploads\/2014\/12\/2014-03-11-11.38.48-960x458.jpg\" height=\"458\" width=\"960\" alt=\"\" class=\"slider-468 slide-479\" \/><\/li>\n                <li style=\"display: none; width: 100%;\" class=\"slide-380 ms-image\"><img src=\"http:\/\/loszughana.se\/wp-content\/uploads\/2014\/12\/1385815_10202364131848669_2022124542_n-960x458.jpg\" height=\"458\" width=\"960\" alt=\"\" class=\"slider-468 slide-380\" \/><\/li>\n                <li style=\"display: none; width: 100%;\" class=\"slide-1020 ms-image\"><img src=\"http:\/\/loszughana.se\/wp-content\/uploads\/2015\/10\/IMG_3447-960x458.jpg\" height=\"458\" width=\"960\" alt=\"\" class=\"slider-468 slide-1020\" \/><\/li>\n                <li style=\"display: none; width: 100%;\" class=\"slide-469 ms-image\"><img src=\"http:\/\/loszughana.se\/wp-content\/uploads\/2014\/12\/IMG_2644-960x458.jpg\" height=\"458\" width=\"960\" alt=\"\" class=\"slider-468 slide-469\" \/><\/li>\n                <li style=\"display: none; width: 100%;\" class=\"slide-915 ms-image\"><img src=\"http:\/\/loszughana.se\/wp-content\/uploads\/2015\/10\/Ghana-resan-2014-322-960x458.jpg\" height=\"458\" width=\"960\" alt=\"\" class=\"slider-468 slide-915\" \/><\/li>\n                <li style=\"display: none; width: 100%;\" class=\"slide-918 ms-image\"><img src=\"http:\/\/loszughana.se\/wp-content\/uploads\/2015\/10\/Ghana-resan-2014-310-960x458.jpg\" height=\"458\" width=\"960\" alt=\"\" class=\"slider-468 slide-918\" \/><\/li>\n                <li style=\"display: none; width: 100%;\" class=\"slide-916 ms-image\"><img src=\"http:\/\/loszughana.se\/wp-content\/uploads\/2015\/10\/Ghana-resan-2014-321-960x458.jpg\" height=\"458\" width=\"960\" alt=\"\" class=\"slider-468 slide-916\" \/><\/li>\n            <\/ul>\n        <\/div>\n        \n    <\/div>\n    <script type=\"text\/javascript\">\n        var metaslider_468 = function($) {\n            $('#metaslider_468').addClass('flexslider'); \/\/ theme\/plugin conflict avoidance\n            $('#metaslider_468').flexslider({ \n                slideshowSpeed:3600,\n                animation:\"fade\",\n                controlNav:true,\n                directionNav:true,\n                pauseOnHover:true,\n                direction:\"horizontal\",\n                reverse:false,\n                animationSpeed:600,\n                prevText:\"&lt;\",\n                nextText:\"&gt;\",\n                slideshow:true\n            });\n        };\n        var timer_metaslider_468 = function() {\n            var slider = !window.jQuery ? window.setTimeout(timer_metaslider_468, 100) : !jQuery.isReady ? window.setTimeout(timer_metaslider_468, 1) : metaslider_468(window.jQuery);\n        };\n        timer_metaslider_468();\n    <\/script>\n<\/div>\n<!--\/\/ meta slider--><\/p>\n<p>&nbsp;<\/p>\n<p>\u00c5k som volont\u00e4r till Ghana!<\/p>\n<p>LozuGhana tillhandah\u00e5ller upptill 45 olika projekt i och runt om Kumasi dit man kan \u00e5ka f\u00f6r att vara volont\u00e4r till s\u00e5v\u00e4l barnhem och sjukhus. I v\u00e5rt egna projekt Childrens Village kan man volontera b\u00e5de p\u00e5 farmen, skolan och Childrens Village. LoszuGhana \u00e4r en liten organisation men med stor erfarenhet av volont\u00e4rverksamhet till en mycket f\u00f6rm\u00e5nlig kostnad. L\u00e4s mera p\u00e5 www.loszughana.com och g\u00f6r en intresseanm\u00e4lan d\u00e4r s\u00e5 kommer du i kontakt med v\u00e5ra mest erfarna mentorer som hj\u00e4lper dig under hela v\u00e4gen.<\/p>","protected":false},"excerpt":{"rendered":"<p>&nbsp; \u00c5k som volont\u00e4r till Ghana! LozuGhana tillhandah\u00e5ller upptill 45 olika projekt i och runt om Kumasi dit man kan \u00e5ka f\u00f6r att vara volont\u00e4r till s\u00e5v\u00e4l barnhem och sjukhus. I v\u00e5rt egna projekt Childrens Village kan man volontera b\u00e5de p\u00e5 farmen, skolan och Childrens Village. LoszuGhana \u00e4r en liten organisation men med stor erfarenhet [&hellip;]<\/p>\n","protected":false},"author":1,"featured_media":0,"parent":0,"menu_order":0,"comment_status":"closed","ping_status":"open","template":"","meta":{"ngg_post_thumbnail":0},"_links":{"self":[{"href":"http:\/\/loszughana.se\/en\/wp-json\/wp\/v2\/pages\/80"}],"collection":[{"href":"http:\/\/loszughana.se\/en\/wp-json\/wp\/v2\/pages"}],"about":[{"href":"http:\/\/loszughana.se\/en\/wp-json\/wp\/v2\/types\/page"}],"author":[{"embeddable":true,"href":"http:\/\/loszughana.se\/en\/wp-json\/wp\/v2\/users\/1"}],"replies":[{"embeddable":true,"href":"http:\/\/loszughana.se\/en\/wp-json\/wp\/v2\/comments?post=80"}],"version-history":[{"count":9,"href":"http:\/\/loszughana.se\/en\/wp-json\/wp\/v2\/pages\/80\/revisions"}],"predecessor-version":[{"id":1067,"href":"http:\/\/loszughana.se\/en\/wp-json\/wp\/v2\/pages\/80\/revisions\/1067"}],"wp:attachment":[{"href":"http:\/\/loszughana.se\/en\/wp-json\/wp\/v2\/media?parent=80"}],"curies":[{"name":"wp","href":"https:\/\/api.w.org\/{rel}","templated":true}]}}