{"id":20,"date":"2014-03-21T16:00:56","date_gmt":"2014-03-21T15:00:56","guid":{"rendered":"http:\/\/loszughana.se\/?page_id=20"},"modified":"2018-06-12T15:41:02","modified_gmt":"2018-06-12T13:41:02","slug":"donera","status":"publish","type":"page","link":"http:\/\/loszughana.se\/en\/donera\/","title":{"rendered":"Donation\/Sponsring"},"content":{"rendered":"<p><\/p>\n<h3 style=\"text-align: center;\"><em>Welcome to become one of us! \u00a0<\/em><\/h3>\n<h3 style=\"text-align: center;\"><em>\u00a0LoszuGhana are a small organization at the grassroots level. We are non-profit organization!\u00a0<\/em><\/h3>\n<h3 style=\"text-align: center;\"><\/h3>\n<h3 style=\"text-align: center;\"><em>Your donation will enable us to realize our dream LoszuGhana Children&#8217;s Village. Thanks to your support, children will grow up in family-like structures and will be able to attend a school. Since we all work on a volunteer basis, our administrative and organizational costs are minimal. This means that your contribution will flow directly into the project itself.<\/em><\/h3>\n<p><strong>\u00a0SWITZERLAND<\/strong><\/p>\n<table border=\"0\">\n<tbody>\n<tr>\n<td><strong>Bank<\/strong><\/td>\n<td>Swiss Post PostFinance Nordring 8, CH-3030 Bern<\/td>\n<\/tr>\n<tr>\n<td><strong>Account number<br \/>\n<\/strong><\/td>\n<td>60-529712-7<\/td>\n<\/tr>\n<tr>\n<td><strong>Account holder<br \/>\n<\/strong><\/td>\n<td>Loszughana Association (Switzerland) Burghaldenstrasse 31B, CH-5600 Lenzburg<\/td>\n<\/tr>\n<tr>\n<td><strong>IBAN<\/strong><\/td>\n<td>CH32 0900 0000 6052 9712 7<\/td>\n<\/tr>\n<tr>\n<td><strong>IBIC<\/strong><\/td>\n<td>POFICHBEXXX<\/td>\n<\/tr>\n<\/tbody>\n<\/table>\n<p>&nbsp;<\/p>\n<p><strong>GERMANY<\/strong><\/p>\n<p>For donors from Germany who require receipt of donation for annual tax exemption please use the account number below <strong>(Reference &#8220;LoszuGhana&#8221;):<\/strong><\/p>\n<table border=\"0\">\n<tbody>\n<tr>\n<td><strong><strong>Bank<\/strong><\/strong><\/td>\n<td>Sparkasse Dortmund, DE-44047 Dortmund<\/td>\n<\/tr>\n<tr>\n<td><strong>Account number<br \/>\n<\/strong><\/td>\n<td>211 012 439<\/td>\n<\/tr>\n<tr>\n<td><strong>Account holder<br \/>\n<\/strong><\/td>\n<td>Ananse e.V.<\/td>\n<\/tr>\n<tr>\n<td><strong>IBAN<\/strong><\/td>\n<td>DE88 4405 0199 0211 0124 39<\/td>\n<\/tr>\n<tr>\n<td><strong>IBIC<\/strong><\/td>\n<td>DORTDE33XXX<\/td>\n<\/tr>\n<\/tbody>\n<\/table>\n<p><strong>\u00a0GHANA<\/strong><\/p>\n<table border=\"0\" cellpadding=\"0\">\n<tbody>\n<tr>\n<td><strong>Bank<\/strong><\/td>\n<td>Barclays Bank Ghana, Tanoso Branch. Kumasi-Ghana<\/td>\n<\/tr>\n<tr>\n<td><strong>Account number<\/strong><\/td>\n<td>0811208353<\/td>\n<\/tr>\n<tr>\n<td><strong>Account holder<\/strong><\/td>\n<td>Loszughana Association (Ghana) P.O.Box KS14340 Adum- Kumasi, Ghana<\/td>\n<\/tr>\n<tr>\n<td><strong>Swift Code<br \/>\n<\/strong><\/td>\n<td>BARGHAC 0811208353<\/td>\n<\/tr>\n<\/tbody>\n<\/table>\n<h3 style=\"text-align: center;\">Paypal all over the world!<br \/>\n<input name=\"hosted_button_id\" type=\"hidden\" value=\"9RN5JQ4EJJVC8\" \/><br \/>\n<input alt=\"PayPal \u2013 ett tryggt och smidigt s\u00e4tt att betala p\u00e5 n\u00e4tet!\" name=\"submit\" src=\"https:\/\/www.paypalobjects.com\/sv_SE\/SE\/i\/btn\/btn_donateCC_LG.gif\" type=\"image\" \/><br \/>\n<img decoding=\"async\" loading=\"lazy\" src=\"https:\/\/www.paypalobjects.com\/sv_SE\/i\/scr\/pixel.gif\" alt=\"\" width=\"1\" height=\"1\" border=\"0\" \/>\u00a0<em>You are also welcome to help us in other ways! Are you looking for a speciell project to contribute to ?<\/em><\/h3>\n<h3 style=\"text-align: center;\"><em> Don not hesitate to ask us !\u00a0<\/em><\/h3>\n<h3 style=\"text-align: center;\"><em>You can also help us to tell friends and family about our organization. And put flyers in diffrent locations!\u00a0<\/em><\/h3>\n<h3 style=\"text-align: center;\"><em>Looking forward to hear from You!\u00a0<\/em><\/h3>\n<form action=\"https:\/\/www.paypal.com\/cgi-bin\/webscr\" method=\"post\" target=\"_top\"><\/form>\n<p><\/p>","protected":false},"excerpt":{"rendered":"<p>Welcome to become one of us! \u00a0 \u00a0LoszuGhana are a small organization at the grassroots level. We are non-profit organization!\u00a0 Your donation will enable us to realize our dream LoszuGhana Children&#8217;s Village. Thanks to your support, children will grow up in family-like structures and will be able to attend a school. Since we all work [&hellip;]<\/p>\n","protected":false},"author":1,"featured_media":0,"parent":0,"menu_order":0,"comment_status":"closed","ping_status":"open","template":"","meta":{"ngg_post_thumbnail":0},"_links":{"self":[{"href":"http:\/\/loszughana.se\/en\/wp-json\/wp\/v2\/pages\/20"}],"collection":[{"href":"http:\/\/loszughana.se\/en\/wp-json\/wp\/v2\/pages"}],"about":[{"href":"http:\/\/loszughana.se\/en\/wp-json\/wp\/v2\/types\/page"}],"author":[{"embeddable":true,"href":"http:\/\/loszughana.se\/en\/wp-json\/wp\/v2\/users\/1"}],"replies":[{"embeddable":true,"href":"http:\/\/loszughana.se\/en\/wp-json\/wp\/v2\/comments?post=20"}],"version-history":[{"count":37,"href":"http:\/\/loszughana.se\/en\/wp-json\/wp\/v2\/pages\/20\/revisions"}],"predecessor-version":[{"id":1168,"href":"http:\/\/loszughana.se\/en\/wp-json\/wp\/v2\/pages\/20\/revisions\/1168"}],"wp:attachment":[{"href":"http:\/\/loszughana.se\/en\/wp-json\/wp\/v2\/media?parent=20"}],"curies":[{"name":"wp","href":"https:\/\/api.w.org\/{rel}","templated":true}]}}