{"id":116,"date":"2014-03-28T10:12:46","date_gmt":"2014-03-28T09:12:46","guid":{"rendered":"http:\/\/loszughana.se\/?page_id=116"},"modified":"2015-11-17T19:15:20","modified_gmt":"2015-11-17T18:15:20","slug":"projekt-5","status":"publish","type":"page","link":"http:\/\/loszughana.se\/en\/projekt-5\/","title":{"rendered":"Old Adwampong Community School"},"content":{"rendered":"<p>&nbsp;<\/p>\n<!-- meta slider -->\n<div style=\"max-width: 960px;\" class=\"metaslider metaslider-flex metaslider-444 ml-slider\">\n    \n    <div id=\"metaslider_container_444\">\n        <div id=\"metaslider_444\">\n            <ul class=\"slides\">\n                <li style=\"display: block; width: 100%;\" class=\"slide-445 ms-image\"><img src=\"http:\/\/loszughana.se\/wp-content\/uploads\/2014\/12\/P1070354-960x437.jpg\" height=\"437\" width=\"960\" alt=\"\" class=\"slider-444 slide-445\" \/><\/li>\n                <li style=\"display: none; width: 100%;\" class=\"slide-383 ms-image\"><img src=\"http:\/\/loszughana.se\/wp-content\/uploads\/2014\/12\/skolan2014ht-960x437.jpg\" height=\"437\" width=\"960\" alt=\"\" class=\"slider-444 slide-383\" \/><\/li>\n                <li style=\"display: none; width: 100%;\" class=\"slide-349 ms-image\"><img src=\"http:\/\/loszughana.se\/wp-content\/uploads\/2014\/03\/2014-11-20-20.49.30-960x437.jpg\" height=\"437\" width=\"960\" alt=\"\" class=\"slider-444 slide-349\" \/><\/li>\n                <li style=\"display: none; width: 100%;\" class=\"slide-458 ms-image\"><img src=\"http:\/\/loszughana.se\/wp-content\/uploads\/2014\/12\/10-960x437.jpg\" height=\"437\" width=\"960\" alt=\"\" class=\"slider-444 slide-458\" \/><\/li>\n                <li style=\"display: none; width: 100%;\" class=\"slide-450 ms-image\"><img src=\"http:\/\/loszughana.se\/wp-content\/uploads\/2014\/12\/1658450_863976983619618_2812290119474498118_o-960x437.jpg\" height=\"437\" width=\"960\" alt=\"\" class=\"slider-444 slide-450\" \/><\/li>\n                <li style=\"display: none; width: 100%;\" class=\"slide-449 ms-image\"><img src=\"http:\/\/loszughana.se\/wp-content\/uploads\/2014\/12\/10329872_863976906952959_194119448200332795_o-960x437.jpg\" height=\"437\" width=\"960\" alt=\"\" class=\"slider-444 slide-449\" \/><\/li>\n            <\/ul>\n        <\/div>\n        \n    <\/div>\n    <script type=\"text\/javascript\">\n        var metaslider_444 = function($) {\n            $('#metaslider_444').addClass('flexslider'); \/\/ theme\/plugin conflict avoidance\n            $('#metaslider_444').flexslider({ \n                slideshowSpeed:3600,\n                animation:\"fade\",\n                controlNav:true,\n                directionNav:true,\n                pauseOnHover:true,\n                direction:\"horizontal\",\n                reverse:false,\n                animationSpeed:600,\n                prevText:\"&lt;\",\n                nextText:\"&gt;\",\n                slideshow:true\n            });\n        };\n        var timer_metaslider_444 = function() {\n            var slider = !window.jQuery ? window.setTimeout(timer_metaslider_444, 100) : !jQuery.isReady ? window.setTimeout(timer_metaslider_444, 1) : metaslider_444(window.jQuery);\n        };\n        timer_metaslider_444();\n    <\/script>\n<\/div>\n<!--\/\/ meta slider-->\n<p style=\"text-align: left;\">I den lilla byn Adwampong byggde kommunen en skola 2008 men den f\u00e4rdigst\u00e4lldes aldrig. LoszuGhana \u00f6ppnade skolan h\u00f6sten -13 f\u00f6r skolbarn i den lilla byn. \u00a0M\u00e5nga barn gick inte den l\u00e5nga v\u00e4gen till n\u00e4st liggande by utan blev kvar hemmavid f\u00f6r att hj\u00e4lpa till med jordbruk m.m \u00a0 N\u00e4r skolan \u00f6ppnades s\u00e5 var det cirka 30 barn det visade sig vara en mjukstart, i dags l\u00e4get \u00e4r det 90 barn i \u00e5ldern 2-12 \u00e5r i den lilla skolan. En stor utmaning men alla barn ska ha r\u00e4tt att f\u00e5 en utbildning. Det \u00e4r deras och landets framtid utbildning \u00f6ppnar d\u00f6rrar som annars \u00e4r st\u00e4ngda.<\/p>\n<p style=\"text-align: left;\">Vi k\u00e4mpar p\u00e5 utan n\u00e5gra direkt resurer , skolan beh\u00f6ver rustas upp och mycket material beh\u00f6vs. Kommunen kommer hj\u00e4lpa till den dag vi n\u00e5r upp till en l\u00e4gsta standard. V\u00e4gen dit k\u00e4nns l\u00e5ng ,men barnens iver och vilja att l\u00e4ra \u00e4r s\u00e5 stor. \u00a0 \u00a0 \u00a0 \u00a0 \u00a0 Vi hoppas p\u00e5 att vi tillsammans kan finna sponsorer till v\u00e5rt projekt att l\u00e5ta barnen f\u00e5 en utbildning. Inom kort kommer en plan utarbetas f\u00f6r att tydlig g\u00f6ra skolans behov.<\/p>\n<p style=\"text-align: left;\">Tillsammans kan vi skapa m\u00f6jligheter f\u00f6r barnen att f\u00e5 l\u00e4ra sig l\u00e4sa och skriva f\u00f6r att senare kunna g\u00e5 i h\u00f6gre klasser n\u00e4r dom n\u00e5r den \u00e5ldern. \u00a0En framtid f\u00f6r fattiga och utsatt barn l\u00e5ngt ute p\u00e5 landsbyggden utan f\u00f6r staden Kumasi och i den by d\u00e4r vi bygger v\u00e5r barnby LoszuGhana Childrens Village.<\/p>\n<p style=\"text-align: left;\">\n<p><\/p>","protected":false},"excerpt":{"rendered":"<p>&nbsp; I den lilla byn Adwampong byggde kommunen en skola 2008 men den f\u00e4rdigst\u00e4lldes aldrig. LoszuGhana \u00f6ppnade skolan h\u00f6sten -13 f\u00f6r skolbarn i den lilla byn. \u00a0M\u00e5nga barn gick inte den l\u00e5nga v\u00e4gen till n\u00e4st liggande by utan blev kvar hemmavid f\u00f6r att hj\u00e4lpa till med jordbruk m.m \u00a0 N\u00e4r skolan \u00f6ppnades s\u00e5 var det [&hellip;]<\/p>\n","protected":false},"author":1,"featured_media":0,"parent":0,"menu_order":0,"comment_status":"open","ping_status":"open","template":"","meta":{"ngg_post_thumbnail":0},"_links":{"self":[{"href":"http:\/\/loszughana.se\/en\/wp-json\/wp\/v2\/pages\/116"}],"collection":[{"href":"http:\/\/loszughana.se\/en\/wp-json\/wp\/v2\/pages"}],"about":[{"href":"http:\/\/loszughana.se\/en\/wp-json\/wp\/v2\/types\/page"}],"author":[{"embeddable":true,"href":"http:\/\/loszughana.se\/en\/wp-json\/wp\/v2\/users\/1"}],"replies":[{"embeddable":true,"href":"http:\/\/loszughana.se\/en\/wp-json\/wp\/v2\/comments?post=116"}],"version-history":[{"count":7,"href":"http:\/\/loszughana.se\/en\/wp-json\/wp\/v2\/pages\/116\/revisions"}],"predecessor-version":[{"id":1146,"href":"http:\/\/loszughana.se\/en\/wp-json\/wp\/v2\/pages\/116\/revisions\/1146"}],"wp:attachment":[{"href":"http:\/\/loszughana.se\/en\/wp-json\/wp\/v2\/media?parent=116"}],"curies":[{"name":"wp","href":"https:\/\/api.w.org\/{rel}","templated":true}]}}