{"id":112,"date":"2014-03-28T10:12:26","date_gmt":"2014-03-28T09:12:26","guid":{"rendered":"http:\/\/loszughana.se\/?page_id=112"},"modified":"2015-10-26T19:53:31","modified_gmt":"2015-10-26T18:53:31","slug":"projekt-3","status":"publish","type":"page","link":"http:\/\/loszughana.se\/en\/projekt-3\/","title":{"rendered":"Fiskodling"},"content":{"rendered":"<p><!-- meta slider -->\n<div style=\"max-width: 960px;\" class=\"metaslider metaslider-flex metaslider-373 ml-slider\">\n    \n    <div id=\"metaslider_container_373\">\n        <div id=\"metaslider_373\">\n            <ul class=\"slides\">\n                <li style=\"display: block; width: 100%;\" class=\"slide-336 ms-image\"><img src=\"http:\/\/loszughana.se\/wp-content\/uploads\/2014\/03\/INUG5-600x273.jpg\" height=\"437\" width=\"960\" alt=\"\" class=\"slider-373 slide-336\" \/><\/li>\n                <li style=\"display: none; width: 100%;\" class=\"slide-338 ms-image\"><img src=\"http:\/\/loszughana.se\/wp-content\/uploads\/2014\/03\/INUG1-800x364.jpg\" height=\"437\" width=\"960\" alt=\"\" class=\"slider-373 slide-338\" \/><\/li>\n                <li style=\"display: none; width: 100%;\" class=\"slide-335 ms-image\"><img src=\"http:\/\/loszughana.se\/wp-content\/uploads\/2014\/03\/INUG4-600x273.jpg\" height=\"437\" width=\"960\" alt=\"\" class=\"slider-373 slide-335\" \/><\/li>\n                <li style=\"display: none; width: 100%;\" class=\"slide-334 ms-image\"><img src=\"http:\/\/loszughana.se\/wp-content\/uploads\/2014\/03\/INUG3-800x364.jpg\" height=\"437\" width=\"960\" alt=\"\" class=\"slider-373 slide-334\" \/><\/li>\n                <li style=\"display: none; width: 100%;\" class=\"slide-337 ms-image\"><img src=\"http:\/\/loszughana.se\/wp-content\/uploads\/2014\/03\/inug2-800x364.jpg\" height=\"437\" width=\"960\" alt=\"\" class=\"slider-373 slide-337\" \/><\/li>\n                <li style=\"display: none; width: 100%;\" class=\"slide-348 ms-image\"><img src=\"http:\/\/loszughana.se\/wp-content\/uploads\/2014\/03\/2014-08-17-23.00.45-800x364.jpg\" height=\"437\" width=\"960\" alt=\"\" class=\"slider-373 slide-348\" \/><\/li>\n            <\/ul>\n        <\/div>\n        \n    <\/div>\n    <script type=\"text\/javascript\">\n        var metaslider_373 = function($) {\n            $('#metaslider_373').addClass('flexslider'); \/\/ theme\/plugin conflict avoidance\n            $('#metaslider_373').flexslider({ \n                slideshowSpeed:3600,\n                animation:\"fade\",\n                controlNav:true,\n                directionNav:true,\n                pauseOnHover:true,\n                direction:\"horizontal\",\n                reverse:false,\n                animationSpeed:600,\n                prevText:\"&lt;\",\n                nextText:\"&gt;\",\n                slideshow:true\n            });\n        };\n        var timer_metaslider_373 = function() {\n            var slider = !window.jQuery ? window.setTimeout(timer_metaslider_373, 100) : !jQuery.isReady ? window.setTimeout(timer_metaslider_373, 1) : metaslider_373(window.jQuery);\n        };\n        timer_metaslider_373();\n    <\/script>\n<\/div>\n<!--\/\/ meta slider--><\/p>\n<p>Fiskodlingsprojektet har under 2014 f\u00e5tt ett stort lyft med en solcellsdrivenpump som kommer f\u00e5 vattnet att cirkulera vilket kommer f\u00e5 fiskarna att trivas och m\u00e5 bra. Ingenj\u00f6rer fr\u00e5n INUG Karlstad gjorde detta m\u00f6jligt och var nere under augusti m\u00e5nad och installerade pumpen ihop med v\u00e5ra arbetare.<\/p>\n<p>Fiskodlingen kommer vara ig\u00e5ng under regnperioden f\u00f6r att inte minska vattentillg\u00e5ngen under andra tider.\u00a0 Detta kommer ocks\u00e5 vara bra f\u00f6r jorden som f\u00e5r vila och \u00e5terh\u00e4mta sig.<\/p>\n<p>Det \u00e4r idag 4 fiskdammar som roteras. Fiskar som odlas \u00e4r\u2026\u2026\u2026\u2026.<\/p>\n<p>V\u00e5r str\u00e4van \u00e4r att bli sj\u00e4lvf\u00f6rs\u00f6rjande p\u00e5 fisk till b\u00e5de Childrens Village och v\u00e5r skola i Adwampong.<\/p>\n<p>Du \u00e4r varmt v\u00e4lkommen att sponsra v\u00e5rt projekt D\u00e5 det beh\u00f6vs fiskmat och yngel till att starta ig\u00e5ng en damm.<\/p>","protected":false},"excerpt":{"rendered":"<p>Fiskodlingsprojektet har under 2014 f\u00e5tt ett stort lyft med en solcellsdrivenpump som kommer f\u00e5 vattnet att cirkulera vilket kommer f\u00e5 fiskarna att trivas och m\u00e5 bra. Ingenj\u00f6rer fr\u00e5n INUG Karlstad gjorde detta m\u00f6jligt och var nere under augusti m\u00e5nad och installerade pumpen ihop med v\u00e5ra arbetare. Fiskodlingen kommer vara ig\u00e5ng under regnperioden f\u00f6r att inte [&hellip;]<\/p>\n","protected":false},"author":1,"featured_media":0,"parent":0,"menu_order":0,"comment_status":"open","ping_status":"open","template":"","meta":{"ngg_post_thumbnail":0},"_links":{"self":[{"href":"http:\/\/loszughana.se\/en\/wp-json\/wp\/v2\/pages\/112"}],"collection":[{"href":"http:\/\/loszughana.se\/en\/wp-json\/wp\/v2\/pages"}],"about":[{"href":"http:\/\/loszughana.se\/en\/wp-json\/wp\/v2\/types\/page"}],"author":[{"embeddable":true,"href":"http:\/\/loszughana.se\/en\/wp-json\/wp\/v2\/users\/1"}],"replies":[{"embeddable":true,"href":"http:\/\/loszughana.se\/en\/wp-json\/wp\/v2\/comments?post=112"}],"version-history":[{"count":13,"href":"http:\/\/loszughana.se\/en\/wp-json\/wp\/v2\/pages\/112\/revisions"}],"predecessor-version":[{"id":1145,"href":"http:\/\/loszughana.se\/en\/wp-json\/wp\/v2\/pages\/112\/revisions\/1145"}],"wp:attachment":[{"href":"http:\/\/loszughana.se\/en\/wp-json\/wp\/v2\/media?parent=112"}],"curies":[{"name":"wp","href":"https:\/\/api.w.org\/{rel}","templated":true}]}}