{"id":108,"date":"2014-03-28T10:12:08","date_gmt":"2014-03-28T09:12:08","guid":{"rendered":"http:\/\/loszughana.se\/?page_id=108"},"modified":"2018-06-12T15:41:03","modified_gmt":"2018-06-12T13:41:03","slug":"projekt-1","status":"publish","type":"page","link":"http:\/\/loszughana.se\/en\/projekt-1\/","title":{"rendered":"Barnbyn"},"content":{"rendered":"<p><a href=\"http:\/\/loszughana.se\/wp-content\/uploads\/2014\/03\/vilage-logo.png\"><img decoding=\"async\" loading=\"lazy\" class=\"alignnone size-medium wp-image-246\" src=\"http:\/\/loszughana.se\/wp-content\/uploads\/2014\/03\/vilage-logo-300x66.png\" alt=\"vilage logo\" width=\"300\" height=\"66\" srcset=\"http:\/\/loszughana.se\/wp-content\/uploads\/2014\/03\/vilage-logo-300x66.png 300w, http:\/\/loszughana.se\/wp-content\/uploads\/2014\/03\/vilage-logo.png 309w\" sizes=\"(max-width: 300px) 100vw, 300px\" \/><\/a><\/p>\n<p>&nbsp;<\/p>\n<p style=\"text-align: center;\"><a href=\"http:\/\/loszughana.se\/wp-content\/uploads\/2014\/03\/Ritning.jpg\"><img decoding=\"async\" loading=\"lazy\" class=\" wp-image-247 aligncenter\" src=\"http:\/\/loszughana.se\/wp-content\/uploads\/2014\/03\/Ritning-300x84.jpg\" alt=\"Ritning\" width=\"700\" height=\"125\" \/><\/a><\/p>\n<p>A big dream binds us LoszuGhana. We dream of an LoszuGhana Children`s Village, which we will create from scratch. In this village, small children and teenagers will be brought up and fostered in a secure and caring family-like home.<\/p>\n<p>The way from dream to reality: we have acquired a 4-acre estate in the village Adwampong, Kumasi, Ghana, in close vicinity to the Lake Bosumtwi. The place is the most suited to the realization of our project: the inhabitants of the village have welcomed us heartily, and the orphans will be able to go to school in the village itself. We plan to acquire an additional piece of land for agricultural purposes. Yet, until that joyous day are a few more milestones to be reached.<\/p>\n<p>Proposed Buildingplan (October 2011):<\/p>\n<h4><strong>Motivation\u00a0<\/strong><\/h4>\n<p><strong>Education <\/strong>is acknowledged to be the basis of all societies, essential to the global competitiveness of national economies. It denotes reduction of poverty and inequality. Education is also fundamental to improving the health of a society`s citizens. In addition, it allows for the implementation of new technologies as well as the construction of and wider access to information.<\/p>\n<p>Along with schooling, the <strong>family <\/strong>lays the cornerstone of a civilized society and culture. Every human-being needs intimacy with another and a shelter, that is a home. The family helps the youth learn about and develop values and respect in a protected environment. Especially small children require a great deal of security in order to get a decent start into life and to form a strong backbone for their adult lives. Education and family: This is what we intend to offer orphans and socially disadvantaged children.<\/p>\n<p><strong>We strongly believe it is education and family that is pivotal to the success of our project.<\/strong><\/p>\n<p>Ghana enjoys a high level of education. In fact, students from all over Africa travel here to acquire a higher education degree. This is not only due to the efforts of the government in the area of education, though. In order to be able to belong to the privileged circle of university students, the youth need a considerable deal of luck and well-off parents. Without the availability of the latter or another sort of a financer, it will be very difficult to complete a higher education. For orphans and socially excluded children, the chances are slim that they \u00a0benefit from even basic education, let alone higher education. They have to earn their living just to be able to afford such basics as food, clothes and a shelter. This is a vicious circle almost impossible to break out of. The absence of an educational background, that is some capital to rely on, means that very few manage to get out of this spiral.<\/p>\n<p>&nbsp;<\/p>\n<h2 style=\"text-align: justify;\">Take a look how the house are built.<\/h2>\n<p style=\"text-align: justify;\"><!-- meta slider -->\n<div style=\"max-width: 960px;\" class=\"metaslider metaslider-flex metaslider-504 ml-slider\">\n    \n    <div id=\"metaslider_container_504\">\n        <div id=\"metaslider_504\">\n            <ul class=\"slides\">\n                <li style=\"display: block; width: 100%;\" class=\"slide-520 ms-image\"><img src=\"http:\/\/loszughana.se\/wp-content\/uploads\/2014\/12\/91-600x273.jpg\" height=\"437\" width=\"960\" alt=\"\" class=\"slider-504 slide-520\" \/><div class=\"caption-wrap\"><div class=\"caption\">Allt arbete g\u00f6rs p\u00e5 plats utan n\u00e5gra st\u00f6rre maskiner. <\/div><\/div><\/li>\n                <li style=\"display: none; width: 100%;\" class=\"slide-387 ms-image\"><img src=\"http:\/\/loszughana.se\/wp-content\/uploads\/2014\/12\/husen-960x437.jpg\" height=\"437\" width=\"960\" alt=\"\" class=\"slider-504 slide-387\" \/><\/li>\n                <li style=\"display: none; width: 100%;\" class=\"slide-521 ms-image\"><img src=\"http:\/\/loszughana.se\/wp-content\/uploads\/2014\/12\/8-600x273.jpg\" height=\"437\" width=\"960\" alt=\"\" class=\"slider-504 slide-521\" \/><div class=\"caption-wrap\"><div class=\"caption\">Alla hj\u00e4lps \u00e5t <\/div><\/div><\/li>\n                <li style=\"display: none; width: 100%;\" class=\"slide-523 ms-image\"><img src=\"http:\/\/loszughana.se\/wp-content\/uploads\/2014\/12\/12-450x204.jpg\" height=\"437\" width=\"960\" alt=\"\" class=\"slider-504 slide-523\" \/><div class=\"caption-wrap\"><div class=\"caption\">Byggstenarna b\u00e4rs fram till husgrunden<\/div><\/div><\/li>\n                <li style=\"display: none; width: 100%;\" class=\"slide-505 ms-image\"><img src=\"http:\/\/loszughana.se\/wp-content\/uploads\/2014\/12\/886795_10202912731442768_479305611_o-960x437.jpg\" height=\"437\" width=\"960\" alt=\"\" class=\"slider-504 slide-505\" \/><div class=\"caption-wrap\"><div class=\"caption\">Huset  p\u00e5b\u00f6rjas<\/div><\/div><\/li>\n                <li style=\"display: none; width: 100%;\" class=\"slide-182 ms-image\"><img src=\"http:\/\/loszughana.se\/wp-content\/uploads\/2014\/03\/3-960x437.jpg\" height=\"437\" width=\"960\" alt=\"\" class=\"slider-504 slide-182\" \/><\/li>\n                <li style=\"display: none; width: 100%;\" class=\"slide-525 ms-image\"><img src=\"http:\/\/loszughana.se\/wp-content\/uploads\/2014\/12\/img-3170-1-450x204.jpg\" height=\"437\" width=\"960\" alt=\"\" class=\"slider-504 slide-525\" \/><div class=\"caption-wrap\"><div class=\"caption\">Fler hus betyder mer kompisar !!!<\/div><\/div><\/li>\n                <li style=\"display: none; width: 100%;\" class=\"slide-524 ms-image\"><img src=\"http:\/\/loszughana.se\/wp-content\/uploads\/2014\/12\/img-3155-600x273.jpg\" height=\"437\" width=\"960\" alt=\"\" class=\"slider-504 slide-524\" \/><div class=\"caption-wrap\"><div class=\"caption\">Sten f\u00f6r sten byggs huset upp. Ett stort sovrum toalett  och duschrum samt ett f\u00f6rr\u00e5d.<\/div><\/div><\/li>\n                <li style=\"display: none; width: 100%;\" class=\"slide-506 ms-image\"><img src=\"http:\/\/loszughana.se\/wp-content\/uploads\/2014\/12\/1604970_10203167237605811_818444822_n-960x437.jpg\" height=\"437\" width=\"960\" alt=\"\" class=\"slider-504 slide-506\" \/><\/li>\n                <li style=\"display: none; width: 100%;\" class=\"slide-522 ms-image\"><img src=\"http:\/\/loszughana.se\/wp-content\/uploads\/2014\/12\/15-600x273.jpg\" height=\"437\" width=\"960\" alt=\"\" class=\"slider-504 slide-522\" \/><div class=\"caption-wrap\"><div class=\"caption\">Taket har en stadig konstruktion.<\/div><\/div><\/li>\n                <li style=\"display: none; width: 100%;\" class=\"slide-507 ms-image\"><img src=\"http:\/\/loszughana.se\/wp-content\/uploads\/2014\/12\/1609861_10203338126077916_87526029_n-960x437.jpg\" height=\"437\" width=\"960\" alt=\"\" class=\"slider-504 slide-507\" \/><div class=\"caption-wrap\"><div class=\"caption\">F\u00e4rdigt hus klart f\u00f6r detaljer <\/div><\/div><\/li>\n                <li style=\"display: none; width: 100%;\" class=\"slide-528 ms-image\"><img src=\"http:\/\/loszughana.se\/wp-content\/uploads\/2014\/12\/img1865-600x273.jpg\" height=\"437\" width=\"960\" alt=\"\" class=\"slider-504 slide-528\" \/><div class=\"caption-wrap\"><div class=\"caption\">Gedigna d\u00f6rrar och f\u00f6nster<\/div><\/div><\/li>\n                <li style=\"display: none; width: 100%;\" class=\"slide-527 ms-image\"><img src=\"http:\/\/loszughana.se\/wp-content\/uploads\/2014\/12\/p1080796-600x273.jpg\" height=\"437\" width=\"960\" alt=\"\" class=\"slider-504 slide-527\" \/><div class=\"caption-wrap\"><div class=\"caption\">Septitank ansluts till toaletterna<\/div><\/div><\/li>\n                <li style=\"display: none; width: 100%;\" class=\"slide-530 ms-image\"><img src=\"http:\/\/loszughana.se\/wp-content\/uploads\/2014\/12\/img-5234-450x204.jpg\" height=\"437\" width=\"960\" alt=\"\" class=\"slider-504 slide-530\" \/><div class=\"caption-wrap\"><div class=\"caption\">Rummen och huset m\u00e5las<\/div><\/div><\/li>\n                <li style=\"display: none; width: 100%;\" class=\"slide-526 ms-image\"><img src=\"http:\/\/loszughana.se\/wp-content\/uploads\/2014\/12\/wp-20130626-010-450x204.jpg\" height=\"437\" width=\"960\" alt=\"\" class=\"slider-504 slide-526\" \/><div class=\"caption-wrap\"><div class=\"caption\">M\u00f6bler monteras och snart kan en ny liten familj flytta in.<\/div><\/div><\/li>\n            <\/ul>\n        <\/div>\n        \n    <\/div>\n    <script type=\"text\/javascript\">\n        var metaslider_504 = function($) {\n            $('#metaslider_504').addClass('flexslider'); \/\/ theme\/plugin conflict avoidance\n            $('#metaslider_504').flexslider({ \n                slideshowSpeed:3600,\n                animation:\"fade\",\n                controlNav:true,\n                directionNav:true,\n                pauseOnHover:true,\n                direction:\"horizontal\",\n                reverse:false,\n                animationSpeed:600,\n                prevText:\"&lt;\",\n                nextText:\"&gt;\",\n                slideshow:true\n            });\n        };\n        var timer_metaslider_504 = function() {\n            var slider = !window.jQuery ? window.setTimeout(timer_metaslider_504, 100) : !jQuery.isReady ? window.setTimeout(timer_metaslider_504, 1) : metaslider_504(window.jQuery);\n        };\n        timer_metaslider_504();\n    <\/script>\n<\/div>\n<!--\/\/ meta slider--><\/p>\n<h2 style=\"text-align: justify;\">Kitchenbuilding<\/h2>\n<!-- meta slider -->\n<div style=\"max-width: 960px;\" class=\"metaslider metaslider-flex metaslider-533 ml-slider\">\n    \n    <div id=\"metaslider_container_533\">\n        <div id=\"metaslider_533\">\n            <ul class=\"slides\">\n                <li style=\"display: block; width: 100%;\" class=\"slide-537 ms-image\"><img src=\"http:\/\/loszughana.se\/wp-content\/uploads\/2014\/12\/img0196-600x273.jpg\" height=\"437\" width=\"960\" alt=\"\" class=\"slider-533 slide-537\" \/><\/li>\n                <li style=\"display: none; width: 100%;\" class=\"slide-536 ms-image\"><img src=\"http:\/\/loszughana.se\/wp-content\/uploads\/2014\/12\/dsc00688-600x273.jpg\" height=\"437\" width=\"960\" alt=\"\" class=\"slider-533 slide-536\" \/><\/li>\n                <li style=\"display: none; width: 100%;\" class=\"slide-512 ms-image\"><img src=\"http:\/\/loszughana.se\/wp-content\/uploads\/2014\/12\/image0081-600x273.jpg\" height=\"437\" width=\"960\" alt=\"\" class=\"slider-533 slide-512\" \/><\/li>\n                <li style=\"display: none; width: 100%;\" class=\"slide-540 ms-image\"><img src=\"http:\/\/loszughana.se\/wp-content\/uploads\/2014\/12\/vil-8-600x273.jpg\" height=\"437\" width=\"960\" alt=\"\" class=\"slider-533 slide-540\" \/><\/li>\n                <li style=\"display: none; width: 100%;\" class=\"slide-539 ms-image\"><img src=\"http:\/\/loszughana.se\/wp-content\/uploads\/2014\/12\/wp-20130626-082-600x273.jpg\" height=\"437\" width=\"960\" alt=\"\" class=\"slider-533 slide-539\" \/><\/li>\n                <li style=\"display: none; width: 100%;\" class=\"slide-514 ms-image\"><img src=\"http:\/\/loszughana.se\/wp-content\/uploads\/2014\/12\/mid_dsc00712-200x91.jpg\" height=\"437\" width=\"960\" alt=\"\" class=\"slider-533 slide-514\" \/><\/li>\n                <li style=\"display: none; width: 100%;\" class=\"slide-548 ms-image\"><img src=\"http:\/\/loszughana.se\/wp-content\/uploads\/2014\/12\/10169357_10204002321962398_7173116386230595996_n-960x437.jpg\" height=\"437\" width=\"960\" alt=\"\" class=\"slider-533 slide-548\" \/><\/li>\n                <li style=\"display: none; width: 100%;\" class=\"slide-545 ms-image\"><img src=\"http:\/\/loszughana.se\/wp-content\/uploads\/2014\/12\/0483-17.04.14-960x437.jpg\" height=\"437\" width=\"960\" alt=\"\" class=\"slider-533 slide-545\" \/><\/li>\n                <li style=\"display: none; width: 100%;\" class=\"slide-549 ms-image\"><img src=\"http:\/\/loszughana.se\/wp-content\/uploads\/2014\/12\/10877600_10153054938802240_1434185686_n-960x437.jpg\" height=\"437\" width=\"960\" alt=\"\" class=\"slider-533 slide-549\" \/><\/li>\n            <\/ul>\n        <\/div>\n        \n    <\/div>\n    <script type=\"text\/javascript\">\n        var metaslider_533 = function($) {\n            $('#metaslider_533').addClass('flexslider'); \/\/ theme\/plugin conflict avoidance\n            $('#metaslider_533').flexslider({ \n                slideshowSpeed:3600,\n                animation:\"fade\",\n                controlNav:true,\n                directionNav:true,\n                pauseOnHover:true,\n                direction:\"horizontal\",\n                reverse:false,\n                animationSpeed:600,\n                prevText:\"&lt;\",\n                nextText:\"&gt;\",\n                slideshow:true\n            });\n        };\n        var timer_metaslider_533 = function() {\n            var slider = !window.jQuery ? window.setTimeout(timer_metaslider_533, 100) : !jQuery.isReady ? window.setTimeout(timer_metaslider_533, 1) : metaslider_533(window.jQuery);\n        };\n        timer_metaslider_533();\n    <\/script>\n<\/div>\n<!--\/\/ meta slider-->\n<h2><\/h2>\n<p>&nbsp;<\/p>","protected":false},"excerpt":{"rendered":"<p>&nbsp; A big dream binds us LoszuGhana. We dream of an LoszuGhana Children`s Village, which we will create from scratch. In this village, small children and teenagers will be brought up and fostered in a secure and caring family-like home. The way from dream to reality: we have acquired a 4-acre estate in the village [&hellip;]<\/p>\n","protected":false},"author":1,"featured_media":0,"parent":0,"menu_order":0,"comment_status":"closed","ping_status":"open","template":"","meta":{"ngg_post_thumbnail":0},"_links":{"self":[{"href":"http:\/\/loszughana.se\/en\/wp-json\/wp\/v2\/pages\/108"}],"collection":[{"href":"http:\/\/loszughana.se\/en\/wp-json\/wp\/v2\/pages"}],"about":[{"href":"http:\/\/loszughana.se\/en\/wp-json\/wp\/v2\/types\/page"}],"author":[{"embeddable":true,"href":"http:\/\/loszughana.se\/en\/wp-json\/wp\/v2\/users\/1"}],"replies":[{"embeddable":true,"href":"http:\/\/loszughana.se\/en\/wp-json\/wp\/v2\/comments?post=108"}],"version-history":[{"count":14,"href":"http:\/\/loszughana.se\/en\/wp-json\/wp\/v2\/pages\/108\/revisions"}],"predecessor-version":[{"id":993,"href":"http:\/\/loszughana.se\/en\/wp-json\/wp\/v2\/pages\/108\/revisions\/993"}],"wp:attachment":[{"href":"http:\/\/loszughana.se\/en\/wp-json\/wp\/v2\/media?parent=108"}],"curies":[{"name":"wp","href":"https:\/\/api.w.org\/{rel}","templated":true}]}}